{"id":2,"date":"2015-08-01T18:41:58","date_gmt":"2015-08-01T16:41:58","guid":{"rendered":"http:\/\/muellerdirk.eu\/green\/?page_id=2"},"modified":"2019-02-12T22:56:08","modified_gmt":"2019-02-12T21:56:08","slug":"beispiel-seite","status":"publish","type":"page","link":"http:\/\/muellerdirk.eu\/green\/die-band\/beispiel-seite\/","title":{"rendered":"Bandinfo"},"content":{"rendered":"\n<p>Gegr\u00fcndet im Februar 2013 in Osnabr\u00fcck Hellern. Die Mehrzahl der Bandmitglieder konnte ihre Erfahrung aus zur\u00fcckliegenden Musikprojekten und Bandmitgliedschaften in das Konzept einflie\u00dfen lassen. Durch den Einfluss der Rockmusik des angloamerikanischen Raums war schnell klar, dass nur Englisch als Gesangssprache in Frage kam.<\/p>\n\n\n\n<p>Nils Peretzke (Drums) und Harald M\u00fcller (Bass) bilden das kraftvolle und zuverl\u00e4ssige Fundament auf dem Marc Viebrandt und Stefan Scholz (Gitarren) einen Sound entwickeln, der sich manchmal melodi\u00f6s und harmonisch, manchmal aber auch druckvoll kompromisslos entwickeln kann. Den charakteristischen Klang erhalten die Green Valley Crows durch Stephan Reuleaux (Keyboard), der durch sein akzentuiertes Tastenspiel dem Sound seine eigene Stimmung verleiht.<\/p>\n\n\n\n<p>Da sich das Songwriting zwischen den Bandmitgliedern aufteilt, entsteht eine hohe Variabilit\u00e4t der einzelnen St\u00fccke ohne dass der bandtypische Gesamtsound verloren geht.<br \/>Im Stil der Blues\/Country\/Rockmusik Amerikas handeln die Songs von Tr\u00e4umen, Hoffnung,<\/p>\n\n\n\n<p>Erwartungen, aber auch von Entt\u00e4uschungen und Verlust. Ziel der Green Valley Crows ist es in dieser Tradition verschiedene Einfl\u00fcsse neu zu b\u00fcndeln und mit eigenen stilistischen Mitteln zu entwickeln.<\/p>\n\n\n\n<div style=\"height:10px\" aria-hidden=\"true\" class=\"wp-block-spacer\"><\/div>\n\n\n\n<ul class=\"wp-block-gallery aligncenter columns-3 is-cropped wp-block-gallery-1 is-layout-flex wp-block-gallery-is-layout-flex\"><li class=\"blocks-gallery-item\"><figure><a href=\"http:\/\/muellerdirk.eu\/green\/wp-content\/uploads\/2019\/02\/stephan018-1024x1024.jpg\" rel=\"lightbox[2]\"><img loading=\"lazy\" decoding=\"async\" width=\"1024\" height=\"1024\" src=\"http:\/\/muellerdirk.eu\/green\/wp-content\/uploads\/2019\/02\/stephan018-1024x1024.jpg\" alt=\"Stephan Reuleaux (Keyboard, Piano, Gesang)\" data-id=\"395\" data-link=\"http:\/\/muellerdirk.eu\/green\/die-band\/olympus-digital-camera-24\/\" class=\"wp-image-395\" srcset=\"http:\/\/muellerdirk.eu\/green\/wp-content\/uploads\/2019\/02\/stephan018-1024x1024.jpg 1024w, http:\/\/muellerdirk.eu\/green\/wp-content\/uploads\/2019\/02\/stephan018-150x150.jpg 150w, http:\/\/muellerdirk.eu\/green\/wp-content\/uploads\/2019\/02\/stephan018-300x300.jpg 300w, http:\/\/muellerdirk.eu\/green\/wp-content\/uploads\/2019\/02\/stephan018-768x768.jpg 768w, http:\/\/muellerdirk.eu\/green\/wp-content\/uploads\/2019\/02\/stephan018-480x480.jpg 480w, http:\/\/muellerdirk.eu\/green\/wp-content\/uploads\/2019\/02\/stephan018-1216x1216.jpg 1216w, http:\/\/muellerdirk.eu\/green\/wp-content\/uploads\/2019\/02\/stephan018-250x250.jpg 250w, http:\/\/muellerdirk.eu\/green\/wp-content\/uploads\/2019\/02\/stephan018.jpg 1800w\" sizes=\"auto, (max-width: 1024px) 100vw, 1024px\" \/><\/a><\/figure><\/li><li class=\"blocks-gallery-item\"><figure><a href=\"http:\/\/muellerdirk.eu\/green\/wp-content\/uploads\/2019\/02\/stefan018-1024x1024.jpg\" rel=\"lightbox[2]\"><img loading=\"lazy\" decoding=\"async\" width=\"1024\" height=\"1024\" src=\"http:\/\/muellerdirk.eu\/green\/wp-content\/uploads\/2019\/02\/stefan018-1024x1024.jpg\" alt=\"Stefan Scholz (Songwriting, Gitarre ,Gesang)\" data-id=\"394\" data-link=\"http:\/\/muellerdirk.eu\/green\/die-band\/olympus-digital-camera-23\/\" class=\"wp-image-394\" srcset=\"http:\/\/muellerdirk.eu\/green\/wp-content\/uploads\/2019\/02\/stefan018-1024x1024.jpg 1024w, http:\/\/muellerdirk.eu\/green\/wp-content\/uploads\/2019\/02\/stefan018-150x150.jpg 150w, http:\/\/muellerdirk.eu\/green\/wp-content\/uploads\/2019\/02\/stefan018-300x300.jpg 300w, http:\/\/muellerdirk.eu\/green\/wp-content\/uploads\/2019\/02\/stefan018-768x768.jpg 768w, http:\/\/muellerdirk.eu\/green\/wp-content\/uploads\/2019\/02\/stefan018-480x480.jpg 480w, http:\/\/muellerdirk.eu\/green\/wp-content\/uploads\/2019\/02\/stefan018-1216x1216.jpg 1216w, http:\/\/muellerdirk.eu\/green\/wp-content\/uploads\/2019\/02\/stefan018-250x250.jpg 250w, http:\/\/muellerdirk.eu\/green\/wp-content\/uploads\/2019\/02\/stefan018.jpg 1800w\" sizes=\"auto, (max-width: 1024px) 100vw, 1024px\" \/><\/a><\/figure><\/li><li class=\"blocks-gallery-item\"><figure><a href=\"http:\/\/muellerdirk.eu\/green\/wp-content\/uploads\/2019\/02\/niels018-1024x1024.jpg\" rel=\"lightbox[2]\"><img loading=\"lazy\" decoding=\"async\" width=\"1024\" height=\"1024\" src=\"http:\/\/muellerdirk.eu\/green\/wp-content\/uploads\/2019\/02\/niels018-1024x1024.jpg\" alt=\"Niels Peretzke (Drums, Gesang)\" data-id=\"393\" data-link=\"http:\/\/muellerdirk.eu\/green\/die-band\/olympus-digital-camera-22\/\" class=\"wp-image-393\" srcset=\"http:\/\/muellerdirk.eu\/green\/wp-content\/uploads\/2019\/02\/niels018-1024x1024.jpg 1024w, http:\/\/muellerdirk.eu\/green\/wp-content\/uploads\/2019\/02\/niels018-150x150.jpg 150w, http:\/\/muellerdirk.eu\/green\/wp-content\/uploads\/2019\/02\/niels018-300x300.jpg 300w, http:\/\/muellerdirk.eu\/green\/wp-content\/uploads\/2019\/02\/niels018-768x768.jpg 768w, http:\/\/muellerdirk.eu\/green\/wp-content\/uploads\/2019\/02\/niels018-480x480.jpg 480w, http:\/\/muellerdirk.eu\/green\/wp-content\/uploads\/2019\/02\/niels018-1216x1216.jpg 1216w, http:\/\/muellerdirk.eu\/green\/wp-content\/uploads\/2019\/02\/niels018-250x250.jpg 250w, http:\/\/muellerdirk.eu\/green\/wp-content\/uploads\/2019\/02\/niels018.jpg 1800w\" sizes=\"auto, (max-width: 1024px) 100vw, 1024px\" \/><\/a><\/figure><\/li><li class=\"blocks-gallery-item\"><figure><a href=\"http:\/\/muellerdirk.eu\/green\/wp-content\/uploads\/2019\/02\/marc018-1024x1024.jpg\" rel=\"lightbox[2]\"><img loading=\"lazy\" decoding=\"async\" width=\"1024\" height=\"1024\" src=\"http:\/\/muellerdirk.eu\/green\/wp-content\/uploads\/2019\/02\/marc018-1024x1024.jpg\" alt=\"Marc Viebrandt (Songwriting, Gitarre, Gesang)\" data-id=\"392\" data-link=\"http:\/\/muellerdirk.eu\/green\/die-band\/olympus-digital-camera-21\/\" class=\"wp-image-392\" srcset=\"http:\/\/muellerdirk.eu\/green\/wp-content\/uploads\/2019\/02\/marc018-1024x1024.jpg 1024w, http:\/\/muellerdirk.eu\/green\/wp-content\/uploads\/2019\/02\/marc018-150x150.jpg 150w, http:\/\/muellerdirk.eu\/green\/wp-content\/uploads\/2019\/02\/marc018-300x300.jpg 300w, http:\/\/muellerdirk.eu\/green\/wp-content\/uploads\/2019\/02\/marc018-768x768.jpg 768w, http:\/\/muellerdirk.eu\/green\/wp-content\/uploads\/2019\/02\/marc018-480x480.jpg 480w, http:\/\/muellerdirk.eu\/green\/wp-content\/uploads\/2019\/02\/marc018-1216x1216.jpg 1216w, http:\/\/muellerdirk.eu\/green\/wp-content\/uploads\/2019\/02\/marc018-250x250.jpg 250w, http:\/\/muellerdirk.eu\/green\/wp-content\/uploads\/2019\/02\/marc018.jpg 1800w\" sizes=\"auto, (max-width: 1024px) 100vw, 1024px\" \/><\/a><\/figure><\/li><li class=\"blocks-gallery-item\"><figure><a href=\"http:\/\/muellerdirk.eu\/green\/wp-content\/uploads\/2019\/02\/harald018-1024x1024.jpg\" rel=\"lightbox[2]\"><img loading=\"lazy\" decoding=\"async\" width=\"1024\" height=\"1024\" src=\"http:\/\/muellerdirk.eu\/green\/wp-content\/uploads\/2019\/02\/harald018-1024x1024.jpg\" alt=\"\" data-id=\"391\" data-link=\"http:\/\/muellerdirk.eu\/green\/die-band\/olympus-digital-camera-20\/\" class=\"wp-image-391\" srcset=\"http:\/\/muellerdirk.eu\/green\/wp-content\/uploads\/2019\/02\/harald018-1024x1024.jpg 1024w, http:\/\/muellerdirk.eu\/green\/wp-content\/uploads\/2019\/02\/harald018-150x150.jpg 150w, http:\/\/muellerdirk.eu\/green\/wp-content\/uploads\/2019\/02\/harald018-300x300.jpg 300w, http:\/\/muellerdirk.eu\/green\/wp-content\/uploads\/2019\/02\/harald018-768x768.jpg 768w, http:\/\/muellerdirk.eu\/green\/wp-content\/uploads\/2019\/02\/harald018-480x480.jpg 480w, http:\/\/muellerdirk.eu\/green\/wp-content\/uploads\/2019\/02\/harald018-1216x1216.jpg 1216w, http:\/\/muellerdirk.eu\/green\/wp-content\/uploads\/2019\/02\/harald018-250x250.jpg 250w, http:\/\/muellerdirk.eu\/green\/wp-content\/uploads\/2019\/02\/harald018.jpg 1800w\" sizes=\"auto, (max-width: 1024px) 100vw, 1024px\" \/><\/a><\/figure><\/li><\/ul>\n\n\n\n<hr class=\"wp-block-separator\"\/>\n","protected":false},"excerpt":{"rendered":"<p>Gegr\u00fcndet im Februar 2013 in Osnabr\u00fcck Hellern. Die Mehrzahl der Bandmitglieder konnte ihre Erfahrung aus zur\u00fcckliegenden Musikprojekten und Bandmitgliedschaften in das Konzept einflie\u00dfen lassen. Durch den Einfluss der Rockmusik des angloamerikanischen Raums war schnell klar, dass nur Englisch als Gesangssprache in Frage kam. Nils Peretzke (Drums) und Harald M\u00fcller (Bass) bilden das kraftvolle und zuverl\u00e4ssige&hellip;<a href=\"http:\/\/muellerdirk.eu\/green\/die-band\/beispiel-seite\/\" class=\"button\">Weiterlesen <span class=\"screen-reader-text\">Bandinfo<\/span><\/a><\/p>\n","protected":false},"author":1,"featured_media":0,"parent":7,"menu_order":0,"comment_status":"closed","ping_status":"closed","template":"","meta":{"footnotes":""},"class_list":["post-2","page","type-page","status-publish","hentry"],"jetpack_sharing_enabled":true,"jetpack_shortlink":"https:\/\/wp.me\/P76YDa-2","_links":{"self":[{"href":"http:\/\/muellerdirk.eu\/green\/wp-json\/wp\/v2\/pages\/2","targetHints":{"allow":["GET"]}}],"collection":[{"href":"http:\/\/muellerdirk.eu\/green\/wp-json\/wp\/v2\/pages"}],"about":[{"href":"http:\/\/muellerdirk.eu\/green\/wp-json\/wp\/v2\/types\/page"}],"author":[{"embeddable":true,"href":"http:\/\/muellerdirk.eu\/green\/wp-json\/wp\/v2\/users\/1"}],"replies":[{"embeddable":true,"href":"http:\/\/muellerdirk.eu\/green\/wp-json\/wp\/v2\/comments?post=2"}],"version-history":[{"count":18,"href":"http:\/\/muellerdirk.eu\/green\/wp-json\/wp\/v2\/pages\/2\/revisions"}],"predecessor-version":[{"id":399,"href":"http:\/\/muellerdirk.eu\/green\/wp-json\/wp\/v2\/pages\/2\/revisions\/399"}],"up":[{"embeddable":true,"href":"http:\/\/muellerdirk.eu\/green\/wp-json\/wp\/v2\/pages\/7"}],"wp:attachment":[{"href":"http:\/\/muellerdirk.eu\/green\/wp-json\/wp\/v2\/media?parent=2"}],"curies":[{"name":"wp","href":"https:\/\/api.w.org\/{rel}","templated":true}]}}