{"id":298,"date":"2019-02-10T20:55:11","date_gmt":"2019-02-10T19:55:11","guid":{"rendered":"http:\/\/muellerdirk.eu\/green\/?page_id=298"},"modified":"2019-02-11T00:49:04","modified_gmt":"2019-02-10T23:49:04","slug":"fete-de-lunpuggedique","status":"publish","type":"page","link":"http:\/\/muellerdirk.eu\/green\/konzerte\/fete-de-lunpuggedique\/","title":{"rendered":"Fete de l\u00b4unpuggedique"},"content":{"rendered":"\n<div class=\"wp-block-image\"><figure class=\"aligncenter\"><a href=\"http:\/\/muellerdirk.eu\/green\/wp-content\/uploads\/2019\/02\/Haus-der-Jugend-19-1-19.jpg\" target=\"_blank\"  rel=\"lightbox[298] noreferrer noopener\"><img loading=\"lazy\" decoding=\"async\" width=\"1024\" height=\"768\" src=\"http:\/\/muellerdirk.eu\/green\/wp-content\/uploads\/2019\/02\/Haus-der-Jugend-19-1-19-1024x768.jpg\" alt=\"Haus der Jugend - F\u00eate d l'unpluggedique 2019\" class=\"wp-image-299\" srcset=\"http:\/\/muellerdirk.eu\/green\/wp-content\/uploads\/2019\/02\/Haus-der-Jugend-19-1-19-1024x768.jpg 1024w, http:\/\/muellerdirk.eu\/green\/wp-content\/uploads\/2019\/02\/Haus-der-Jugend-19-1-19-300x225.jpg 300w, http:\/\/muellerdirk.eu\/green\/wp-content\/uploads\/2019\/02\/Haus-der-Jugend-19-1-19-768x576.jpg 768w, http:\/\/muellerdirk.eu\/green\/wp-content\/uploads\/2019\/02\/Haus-der-Jugend-19-1-19-480x360.jpg 480w, http:\/\/muellerdirk.eu\/green\/wp-content\/uploads\/2019\/02\/Haus-der-Jugend-19-1-19-1216x912.jpg 1216w, http:\/\/muellerdirk.eu\/green\/wp-content\/uploads\/2019\/02\/Haus-der-Jugend-19-1-19-333x250.jpg 333w, http:\/\/muellerdirk.eu\/green\/wp-content\/uploads\/2019\/02\/Haus-der-Jugend-19-1-19.jpg 1280w\" sizes=\"auto, (max-width: 1024px) 100vw, 1024px\" \/><\/a><figcaption>Haus der Jugend &#8211; F\u00eate d l&#8217;unpluggedique 19.01.2019<\/figcaption><\/figure><\/div>\n\n\n\n<hr class=\"wp-block-separator\"\/>\n\n\n\n<figure class=\"wp-block-embed-youtube wp-block-embed is-type-video is-provider-youtube wp-embed-aspect-16-9 wp-has-aspect-ratio\"><div class=\"wp-block-embed__wrapper\">\n<div class=\"jetpack-video-wrapper\"><span class=\"embed-youtube\" style=\"text-align:center; display: block;\"><iframe loading=\"lazy\" class=\"youtube-player\" width=\"662\" height=\"373\" src=\"https:\/\/www.youtube.com\/embed\/_r5MWnM5drk?version=3&#038;rel=1&#038;showsearch=0&#038;showinfo=1&#038;iv_load_policy=1&#038;fs=1&#038;hl=de-DE&#038;autohide=2&#038;wmode=transparent\" allowfullscreen=\"true\" style=\"border:0;\" sandbox=\"allow-scripts allow-same-origin allow-popups allow-presentation allow-popups-to-escape-sandbox\"><\/iframe><\/span><\/div>\n<\/div><figcaption><a href=\"https:\/\/www.youtube.com\/watch?v=_r5MWnM5drk&amp;feature=youtu.be\" target=\"_blank\" rel=\"noreferrer noopener\" aria-label=\" So Much Left To Find - F\u00eate d l'unpluggedique 2019  (\u00f6ffnet in neuem Tab)\"> So Much Left To Find &#8211; F\u00eate d l&#8217;unpluggedique 2019 <\/a><\/figcaption><\/figure>\n\n\n\n<p>Zum wohl musikalischten Wohnzimmer der Stadt wird das Haus der Jugend in  jedem Januar: Sofalandschaft, \u201eKamin\u201c, entspannte Atmosph\u00e4re, auf ein  Wein oder Bier, nur eben mit B\u00fchne statt Glotze. Einige bekannte Bands  und Musikerinnen aus Stadt und Region haben ihre Sets auf  unplugged-Versionen umgeschraubt: Cajon statt Trommelburg, Kontrabass  und Klavier statt Marshall-Amp. Alles unplugged! <\/p>\n\n\n\n<p>Haus der Jugend &#8211; <a href=\"https:\/\/musikbuero.net\/\" target=\"_blank\" rel=\"noreferrer noopener\" aria-label=\"Musikb\u00fcro Osnabr\u00fcck e.V.&nbsp; (\u00f6ffnet in neuem Tab)\">Musikb\u00fcro Osnabr\u00fcck e.V.&nbsp;<\/a>|&nbsp;<a rel=\"noreferrer noopener\" aria-label=\"Haus der Jugend - Musikb\u00fcro Osnabr\u00fcck e.V. (\u00f6ffnet in neuem Tab)\" href=\"https:\/\/www.facebook.com\/pg\/musikbueroos\/about\/?ref=page_internal\" target=\"_blank\">Facebook<\/a><\/p>\n\n\n\n<p><a href=\"https:\/\/www.facebook.com\/events\/2305645622838836\/\" target=\"_blank\" rel=\"noreferrer noopener\" aria-label=\"Fete de l\u00b4unpuggedique 19.01.2019 (\u00f6ffnet in neuem Tab)\">Fete de l\u00b4unpuggedique 19.01.2019<\/a><\/p>\n\n\n\n<hr class=\"wp-block-separator\"\/>\n","protected":false},"excerpt":{"rendered":"<p>Zum wohl musikalischten Wohnzimmer der Stadt wird das Haus der Jugend in jedem Januar: Sofalandschaft, \u201eKamin\u201c, entspannte Atmosph\u00e4re, auf ein Wein oder Bier, nur eben mit B\u00fchne statt Glotze. Einige bekannte Bands und Musikerinnen aus Stadt und Region haben ihre Sets auf unplugged-Versionen umgeschraubt: Cajon statt Trommelburg, Kontrabass und Klavier statt Marshall-Amp. Alles unplugged! Haus&hellip;<a href=\"http:\/\/muellerdirk.eu\/green\/konzerte\/fete-de-lunpuggedique\/\" class=\"button\">Weiterlesen <span class=\"screen-reader-text\">Fete de l\u00b4unpuggedique<\/span><\/a><\/p>\n","protected":false},"author":1,"featured_media":0,"parent":291,"menu_order":5,"comment_status":"closed","ping_status":"closed","template":"","meta":{"footnotes":""},"class_list":["post-298","page","type-page","status-publish","hentry"],"jetpack_sharing_enabled":true,"jetpack_shortlink":"https:\/\/wp.me\/P76YDa-4O","_links":{"self":[{"href":"http:\/\/muellerdirk.eu\/green\/wp-json\/wp\/v2\/pages\/298","targetHints":{"allow":["GET"]}}],"collection":[{"href":"http:\/\/muellerdirk.eu\/green\/wp-json\/wp\/v2\/pages"}],"about":[{"href":"http:\/\/muellerdirk.eu\/green\/wp-json\/wp\/v2\/types\/page"}],"author":[{"embeddable":true,"href":"http:\/\/muellerdirk.eu\/green\/wp-json\/wp\/v2\/users\/1"}],"replies":[{"embeddable":true,"href":"http:\/\/muellerdirk.eu\/green\/wp-json\/wp\/v2\/comments?post=298"}],"version-history":[{"count":8,"href":"http:\/\/muellerdirk.eu\/green\/wp-json\/wp\/v2\/pages\/298\/revisions"}],"predecessor-version":[{"id":369,"href":"http:\/\/muellerdirk.eu\/green\/wp-json\/wp\/v2\/pages\/298\/revisions\/369"}],"up":[{"embeddable":true,"href":"http:\/\/muellerdirk.eu\/green\/wp-json\/wp\/v2\/pages\/291"}],"wp:attachment":[{"href":"http:\/\/muellerdirk.eu\/green\/wp-json\/wp\/v2\/media?parent=298"}],"curies":[{"name":"wp","href":"https:\/\/api.w.org\/{rel}","templated":true}]}}